{"id":20902,"date":"2025-09-08T12:24:18","date_gmt":"2025-09-08T12:24:18","guid":{"rendered":"https:\/\/letsgonatasa.com\/?page_id=20902"},"modified":"2025-10-02T15:16:17","modified_gmt":"2025-10-02T15:16:17","slug":"games","status":"publish","type":"page","link":"https:\/\/letsgonatasa.com\/?page_id=20902","title":{"rendered":"Games"},"content":{"rendered":"\t\t<div data-elementor-type=\"wp-page\" data-elementor-id=\"20902\" class=\"elementor elementor-20902\">\n\t\t\t\t<div class=\"elementor-element elementor-element-b9a4668 e-flex e-con-boxed e-con e-parent\" data-id=\"b9a4668\" data-element_type=\"container\" data-e-type=\"container\">\n\t\t\t\t\t<div class=\"e-con-inner\">\n\t\t\t\t<div class=\"elementor-element elementor-element-339c5a6 elementor-widget elementor-widget-html\" data-id=\"339c5a6\" data-element_type=\"widget\" data-e-type=\"widget\" data-widget_type=\"html.default\">\n\t\t\t\t\t<a href=\"https:\/\/letsgonatasa.com\/wp-content\/uploads\/games\/baby\/index.html\" \r\n   target=\"_blank\" rel=\"noopener noreferrer\" style=\"display:block; text-decoration:none;\">\r\n  <div style=\"position: relative; width: 100%; padding-top: 75%;\">\r\n    <iframe src=\"https:\/\/letsgonatasa.com\/wp-content\/uploads\/games\/baby\/index.html\" \r\n            frameborder=\"0\" \r\n            style=\"position: absolute; top: 0; left: 0; width: 100%; height: 100%; border: 0; pointer-events:none;\">\r\n    <\/iframe>\r\n  <\/div>\r\n<\/a>\r\n\r\n<div style=\"max-width: 800px; margin: 20px auto; text-align: justify; font-size: 16px; line-height: 1.6;\">\r\n  <h2>Baby Monster Jump<\/h2>\r\n  <p>\r\n    Step into the fun world of Baby Monster Jump! Guide the cute little monster and help it hop higher and higher on floating platforms. The goal is simple: keep moving upward while timing your jumps carefully so you don\u2019t fall into the abyss. With every leap you get closer to beating your own high score \u2013 but be careful, one wrong move and the game is over! It\u2019s an easy-to-learn yet exciting skill game that tests your reflexes and concentration. Perfect for a quick play session or a longer challenge \u2013 try it now and see how far you can go with the Baby Monster!\r\n  <\/p>\r\n<\/div>\t\t\t\t<\/div>\n\t\t\t\t\t<\/div>\n\t\t\t\t<\/div>\n\t\t<div class=\"elementor-element elementor-element-28e2860 e-flex e-con-boxed e-con e-parent\" data-id=\"28e2860\" data-element_type=\"container\" data-e-type=\"container\">\n\t\t\t\t\t<div class=\"e-con-inner\">\n\t\t\t\t<div class=\"elementor-element elementor-element-39e0cc9 elementor-widget elementor-widget-html\" data-id=\"39e0cc9\" data-element_type=\"widget\" data-e-type=\"widget\" data-widget_type=\"html.default\">\n\t\t\t\t\t<a href=\"https:\/\/letsgonatasa.com\/wp-content\/uploads\/games\/animals\/Animals%20Word%20for%20Kids\/index.html\" \r\n   target=\"_blank\" rel=\"noopener noreferrer\" style=\"display:block; text-decoration:none;\">\r\n  <div style=\"position: relative; width: 100%; padding-top: 75%;\">\r\n    <iframe src=\"https:\/\/letsgonatasa.com\/wp-content\/uploads\/games\/animals\/Animals%20Word%20for%20Kids\/index.html\" \r\n            frameborder=\"0\" \r\n            style=\"position: absolute; top: 0; left: 0; width: 100%; height: 100%; border: 0; pointer-events:none;\">\r\n    <\/iframe>\r\n  <\/div>\r\n<\/a>\r\n\r\n<div style=\"max-width: 800px; margin: 20px auto; text-align: justify; font-size: 16px; line-height: 1.6;\">\r\n  <h2>Animal Word for Kids<\/h2>\r\n  <p>\r\n    Animal Word for Kids is a fun and educational game that helps children learn animal names while practicing their letters. On the screen, a cute animal picture appears, and next to it the letters of its name are scattered. The task is simple but exciting: kids need to arrange the letters in the correct order to spell the animal\u2019s name. This game is not only entertaining but also develops spelling and reading skills, attention, and logical thinking. With its colorful and easy-to-use design, it\u2019s the perfect choice for preschoolers and young schoolchildren \u2013 great for both learning and playtime at home.\r\n  <\/p>\r\n<\/div>\t\t\t\t<\/div>\n\t\t\t\t\t<\/div>\n\t\t\t\t<\/div>\n\t\t<div class=\"elementor-element elementor-element-e6f73cb e-flex e-con-boxed e-con e-parent\" data-id=\"e6f73cb\" data-element_type=\"container\" data-e-type=\"container\">\n\t\t\t\t\t<div class=\"e-con-inner\">\n\t\t\t\t<div class=\"elementor-element elementor-element-a96449e elementor-widget elementor-widget-html\" data-id=\"a96449e\" data-element_type=\"widget\" data-e-type=\"widget\" data-widget_type=\"html.default\">\n\t\t\t\t\t<a href=\"https:\/\/letsgonatasa.com\/wp-content\/uploads\/games\/sliding\/index.html\"  \r\n   target=\"_blank\" rel=\"noopener noreferrer\" style=\"display:block; text-decoration:none; position:relative;\">\r\n  \r\n  <!-- Bor\u00edt\u00f3k\u00e9p -->\r\n  <img decoding=\"async\" src=\"https:\/\/letsgonatasa.com\/wp-content\/uploads\/2025\/09\/picture-slider-animals.jpg\" \r\n       style=\"position:absolute; top:0; left:0; width:100%; height:100%; object-fit:cover; z-index:2;\">\r\n\r\n  <!-- Eredeti j\u00e1t\u00e9k iframe -->\r\n  <div style=\"position: relative; width: 100%; padding-top: 75%;\">\r\n    <iframe src=\"https:\/\/letsgonatasa.com\/wp-content\/uploads\/games\/sliding\/index.html\" \r\n            frameborder=\"0\" \r\n            style=\"position: absolute; top: 0; left: 0; width: 100%; height: 100%; border: 0; pointer-events:none;\">\r\n    <\/iframe>\r\n  <\/div>\r\n<\/a>\r\n\r\n<div style=\"max-width: 800px; margin: 20px auto; text-align: justify; font-size: 16px; line-height: 1.6;\">\r\n  <h2>Picture Sliders<\/h2>\r\n  <p>\r\n   Picture Sliders: Animals is a delightful sliding puzzle game where children rearrange mixed-up tiles to restore cute animal pictures. Each level presents a scrambled image of an animal divided into sliding tiles; simply swipe to move tiles and cleverly use the empty space until the picture is whole again. Easy to learn but progressively challenging, the game develops spatial reasoning, fine motor skills, and problem-solving, while keeping little ones engaged with bright colors and adorable illustrations. Perfect for short play sessions or focused learning time \u2014 slide, solve, and reveal the animal!\r\n  <\/p>\r\n<\/div>\t\t\t\t<\/div>\n\t\t\t\t\t<\/div>\n\t\t\t\t<\/div>\n\t\t<div class=\"elementor-element elementor-element-2310a79 e-flex e-con-boxed e-con e-parent\" data-id=\"2310a79\" data-element_type=\"container\" data-e-type=\"container\">\n\t\t\t\t\t<div class=\"e-con-inner\">\n\t\t\t\t<div class=\"elementor-element elementor-element-3e7438b elementor-widget elementor-widget-html\" data-id=\"3e7438b\" data-element_type=\"widget\" data-e-type=\"widget\" data-widget_type=\"html.default\">\n\t\t\t\t\t<a href=\"https:\/\/letsgonatasa.com\/wp-content\/uploads\/codecanyon\/Tracing%20Game%20HTML\/index.html\" \r\n   target=\"_blank\" rel=\"noopener noreferrer\" style=\"display:block; text-decoration:none;\">\r\n  <div style=\"position: relative; width: 100%; padding-top: 75%;\">\r\n    <iframe src=\"https:\/\/letsgonatasa.com\/wp-content\/uploads\/codecanyon\/Tracing%20Game%20HTML\/index.html\" \r\n            frameborder=\"0\" \r\n            style=\"position: absolute; top: 0; left: 0; width: 100%; height: 100%; border: 0; pointer-events:none;\">\r\n    <\/iframe>\r\n  <\/div>\r\n<\/a>\r\n\r\n<div style=\"max-width: 800px; margin: 20px auto; text-align: justify; font-size: 16px; line-height: 1.6;\">\r\n  <h2>Learn ABC<\/h2>\r\n  <p>\r\n    Learn ABC & Numbers is a fun and interactive educational game for kids that helps them discover letters and numbers in a playful way. Children can choose a character \u2013 either a letter or a number \u2013 and trace its shape on the screen with their finger. This makes it easier to recognize and remember the characters while also developing fine motor skills, hand-eye coordination, and early writing abilities. With colorful graphics, simple controls, and a friendly atmosphere, it\u2019s the perfect choice for preschoolers and young learners. The game turns learning into an enjoyable, creative, and motivating experience for every child.\r\n\r\n\r\n  <\/p>\r\n<\/div>\r\n\t\t\t\t<\/div>\n\t\t\t\t\t<\/div>\n\t\t\t\t<\/div>\n\t\t\t\t<\/div>\n\t\t","protected":false},"excerpt":{"rendered":"<p>Baby Monster Jump Step into the fun world of Baby Monster Jump! Guide the cute little monster and help it hop higher and higher on floating platforms. The goal is&hellip;<\/p>\n","protected":false},"author":1,"featured_media":0,"parent":0,"menu_order":0,"comment_status":"closed","ping_status":"closed","template":"","meta":{"footnotes":""},"class_list":["post-20902","page","type-page","status-publish","hentry"],"_links":{"self":[{"href":"https:\/\/letsgonatasa.com\/index.php?rest_route=\/wp\/v2\/pages\/20902","targetHints":{"allow":["GET"]}}],"collection":[{"href":"https:\/\/letsgonatasa.com\/index.php?rest_route=\/wp\/v2\/pages"}],"about":[{"href":"https:\/\/letsgonatasa.com\/index.php?rest_route=\/wp\/v2\/types\/page"}],"author":[{"embeddable":true,"href":"https:\/\/letsgonatasa.com\/index.php?rest_route=\/wp\/v2\/users\/1"}],"replies":[{"embeddable":true,"href":"https:\/\/letsgonatasa.com\/index.php?rest_route=%2Fwp%2Fv2%2Fcomments&post=20902"}],"version-history":[{"count":34,"href":"https:\/\/letsgonatasa.com\/index.php?rest_route=\/wp\/v2\/pages\/20902\/revisions"}],"predecessor-version":[{"id":21077,"href":"https:\/\/letsgonatasa.com\/index.php?rest_route=\/wp\/v2\/pages\/20902\/revisions\/21077"}],"wp:attachment":[{"href":"https:\/\/letsgonatasa.com\/index.php?rest_route=%2Fwp%2Fv2%2Fmedia&parent=20902"}],"curies":[{"name":"wp","href":"https:\/\/api.w.org\/{rel}","templated":true}]}}